{"id":3774,"date":"2022-05-23T12:15:16","date_gmt":"2022-05-23T09:15:16","guid":{"rendered":"https:\/\/www.kurttarim.com\/optionals\/"},"modified":"2022-09-01T11:37:19","modified_gmt":"2022-09-01T08:37:19","slug":"optionals","status":"publish","type":"page","link":"https:\/\/www.kurttarim.com\/en\/optionals\/","title":{"rendered":"Optionals"},"content":{"rendered":"\t\t<div data-elementor-type=\"wp-page\" data-elementor-id=\"3774\" class=\"elementor elementor-3774 elementor-1546\">\n\t\t\t\t\t\t<div class=\"elementor-inner\">\n\t\t\t\t<div class=\"elementor-section-wrap\">\n\t\t\t\t\t\t\t\t\t<section class=\"elementor-section elementor-top-section elementor-element elementor-element-0707337 elementor-section-boxed elementor-section-height-default elementor-section-height-default\" data-id=\"0707337\" data-element_type=\"section\" data-settings=\"{&quot;jet_parallax_layout_list&quot;:[]}\">\n\t\t\t\t\t\t<div class=\"elementor-container elementor-column-gap-default\">\n\t\t\t\t\t\t\t<div class=\"elementor-row\">\n\t\t\t\t\t<div class=\"elementor-column elementor-col-50 elementor-top-column elementor-element elementor-element-caabdf0\" data-id=\"caabdf0\" data-element_type=\"column\">\n\t\t\t<div class=\"elementor-column-wrap elementor-element-populated\">\n\t\t\t\t\t\t\t<div class=\"elementor-widget-wrap\">\n\t\t\t\t\t\t<div class=\"elementor-element elementor-element-523516f elementor-widget elementor-widget-heading\" data-id=\"523516f\" data-element_type=\"widget\" data-widget_type=\"heading.default\">\n\t\t\t\t<div class=\"elementor-widget-container\">\n\t\t\t<h2 class=\"elementor-heading-title elementor-size-default\">Optionals That<br>\nWe Offer<\/h2>\t\t<\/div>\n\t\t\t\t<\/div>\n\t\t\t\t<div class=\"elementor-element elementor-element-853ea9b dce_masking-none elementor-widget elementor-widget-image\" data-id=\"853ea9b\" data-element_type=\"widget\" data-widget_type=\"image.default\">\n\t\t\t\t<div class=\"elementor-widget-container\">\n\t\t\t\t\t\t\t\t<div class=\"elementor-image\">\n\t\t\t\t\t\t\t\t\t\t\t\t<img loading=\"lazy\" decoding=\"async\" width=\"800\" height=\"640\" src=\"https:\/\/www.kurttarim.com\/wp-content\/uploads\/2022\/05\/OPSI\u0307YON-GENEL-1024x819.jpg\" class=\"attachment-large size-large wp-image-1550\" alt=\"\" srcset=\"https:\/\/www.kurttarim.com\/wp-content\/uploads\/2022\/05\/OPSI\u0307YON-GENEL-1024x819.jpg 1024w, https:\/\/www.kurttarim.com\/wp-content\/uploads\/2022\/05\/OPSI\u0307YON-GENEL-300x240.jpg 300w, https:\/\/www.kurttarim.com\/wp-content\/uploads\/2022\/05\/OPSI\u0307YON-GENEL-768x615.jpg 768w, https:\/\/www.kurttarim.com\/wp-content\/uploads\/2022\/05\/OPSI\u0307YON-GENEL.jpg 1417w\" sizes=\"auto, (max-width: 800px) 100vw, 800px\" \/>\t\t\t\t\t\t\t\t\t\t\t\t\t\t<\/div>\n\t\t\t\t\t\t<\/div>\n\t\t\t\t<\/div>\n\t\t\t\t\t\t<\/div>\n\t\t\t\t\t<\/div>\n\t\t<\/div>\n\t\t\t\t<div class=\"elementor-column elementor-col-50 elementor-top-column elementor-element elementor-element-6a85cee\" data-id=\"6a85cee\" data-element_type=\"column\">\n\t\t\t<div class=\"elementor-column-wrap elementor-element-populated\">\n\t\t\t\t\t\t\t<div class=\"elementor-widget-wrap\">\n\t\t\t\t\t\t<div class=\"elementor-element elementor-element-d80d10f elementor-grid-1 elementor-grid-tablet-2 elementor-grid-mobile-1 elementor-widget elementor-widget-pp-categories\" data-id=\"d80d10f\" data-element_type=\"widget\" data-settings=\"{&quot;columns&quot;:&quot;1&quot;,&quot;layout&quot;:&quot;grid&quot;,&quot;columns_tablet&quot;:&quot;2&quot;,&quot;columns_mobile&quot;:&quot;1&quot;}\" data-widget_type=\"pp-categories.default\">\n\t\t\t\t<div class=\"elementor-widget-container\">\n\t\t\t\t\t<div class=\"pp-categories-wrap\">\n\t\t\t<div class=\"pp-categories pp-categories-grid pp-categories-cover\">\n\t\t\t\t<div class=\"elementor-grid\">\n\t\t\t\t\t\t\t\t\t\t\t\t\t<div class=\"pp-category pp-grid-item elementor-grid-item\" id=\"pp-cat-98\">\n\t\t\t\t\t\t\t\t\t<a href=\"https:\/\/www.kurttarim.com\/en\/urun\/opsiyonkategori\/inter-row-cultivators-optionals\/\" class=\"pp-category-link\">\n\t\t\t\t\t\t\t\t\t\t\t\t<div class=\"pp-category-inner\">\n\t\t\t\t\t\t\t<img decoding=\"async\" src=\"https:\/\/www.kurttarim.com\/wp-content\/uploads\/elementor\/thumbs\/empty-puetgjtwle8s2tydsi396n999kk21juavfqud5qzm8.png\" title=\"empty\" alt=\"empty\" loading=\"lazy\" \/>\t\t\t\t\t\t<div class=\"pp-media-overlay\"><\/div>\n\t\t\t<div class=\"pp-category-content-wrap\">\n\t\t\t\t<div class=\"pp-category-content\">\n\t\t\t\t\t<div class=\"pp-category-title\">Inter-Row Cultivators Optionals<\/div>\t\t\t<div class=\"pp-category-count\">\n\t\t\t\t7 Optionals\t\t\t<\/div>\n\t\t\t\t\t\t\t<\/div>\n\t\t\t<\/div>\n\t\t<\/div>\n\t\t\t\t\t\t\t\t\t\t\t<\/a>\n\t\t\t\t\t\t\t\t<\/div>\n\t\t\t\t\t\t\t\t\t\t\t\t\t\t\t\t<div class=\"pp-category pp-grid-item elementor-grid-item\" id=\"pp-cat-97\">\n\t\t\t\t\t\t\t\t\t<a href=\"https:\/\/www.kurttarim.com\/en\/urun\/opsiyonkategori\/pneumatic-planter-mercury-optionals\/\" class=\"pp-category-link\">\n\t\t\t\t\t\t\t\t\t\t\t\t<div class=\"pp-category-inner\">\n\t\t\t\t\t\t\t<img decoding=\"async\" src=\"https:\/\/www.kurttarim.com\/wp-content\/uploads\/elementor\/thumbs\/empty-puetgjtwle8s2tydsi396n999kk21juavfqud5qzm8.png\" title=\"empty\" alt=\"empty\" loading=\"lazy\" \/>\t\t\t\t\t\t<div class=\"pp-media-overlay\"><\/div>\n\t\t\t<div class=\"pp-category-content-wrap\">\n\t\t\t\t<div class=\"pp-category-content\">\n\t\t\t\t\t<div class=\"pp-category-title\">Pneumatic Planter - Mercury Optionals<\/div>\t\t\t<div class=\"pp-category-count\">\n\t\t\t\t7 Optionals\t\t\t<\/div>\n\t\t\t\t\t\t\t<\/div>\n\t\t\t<\/div>\n\t\t<\/div>\n\t\t\t\t\t\t\t\t\t\t\t<\/a>\n\t\t\t\t\t\t\t\t<\/div>\n\t\t\t\t\t\t\t\t\t\t\t\t\t\t\t\t<div class=\"pp-category pp-grid-item elementor-grid-item\" id=\"pp-cat-99\">\n\t\t\t\t\t\t\t\t\t<a href=\"https:\/\/www.kurttarim.com\/en\/urun\/opsiyonkategori\/pneumatic-planters-double-disc-optionals\/\" class=\"pp-category-link\">\n\t\t\t\t\t\t\t\t\t\t\t\t<div class=\"pp-category-inner\">\n\t\t\t\t\t\t\t<img decoding=\"async\" src=\"https:\/\/www.kurttarim.com\/wp-content\/uploads\/elementor\/thumbs\/empty-puetgjtwle8s2tydsi396n999kk21juavfqud5qzm8.png\" title=\"empty\" alt=\"empty\" loading=\"lazy\" \/>\t\t\t\t\t\t<div class=\"pp-media-overlay\"><\/div>\n\t\t\t<div class=\"pp-category-content-wrap\">\n\t\t\t\t<div class=\"pp-category-content\">\n\t\t\t\t\t<div class=\"pp-category-title\">Pneumatic Planters - Double Disc Optionals<\/div>\t\t\t<div class=\"pp-category-count\">\n\t\t\t\t8 Optionals\t\t\t<\/div>\n\t\t\t\t\t\t\t<\/div>\n\t\t\t<\/div>\n\t\t<\/div>\n\t\t\t\t\t\t\t\t\t\t\t<\/a>\n\t\t\t\t\t\t\t\t<\/div>\n\t\t\t\t\t\t\t\t\t\t\t\t\t\t\t\t<div class=\"pp-category pp-grid-item elementor-grid-item\" id=\"pp-cat-96\">\n\t\t\t\t\t\t\t\t\t<a href=\"https:\/\/www.kurttarim.com\/en\/urun\/opsiyonkategori\/universal-seed-drill-axe-coulter-optionals\/\" class=\"pp-category-link\">\n\t\t\t\t\t\t\t\t\t\t\t\t<div class=\"pp-category-inner\">\n\t\t\t\t\t\t\t<img decoding=\"async\" src=\"https:\/\/www.kurttarim.com\/wp-content\/uploads\/elementor\/thumbs\/empty-puetgjtwle8s2tydsi396n999kk21juavfqud5qzm8.png\" title=\"empty\" alt=\"empty\" loading=\"lazy\" \/>\t\t\t\t\t\t<div class=\"pp-media-overlay\"><\/div>\n\t\t\t<div class=\"pp-category-content-wrap\">\n\t\t\t\t<div class=\"pp-category-content\">\n\t\t\t\t\t<div class=\"pp-category-title\">Universal Seed Drill - Axe Coulter Optionals<\/div>\t\t\t<div class=\"pp-category-count\">\n\t\t\t\t10 Optionals\t\t\t<\/div>\n\t\t\t\t\t\t\t<\/div>\n\t\t\t<\/div>\n\t\t<\/div>\n\t\t\t\t\t\t\t\t\t\t\t<\/a>\n\t\t\t\t\t\t\t\t<\/div>\n\t\t\t\t\t\t\t\t\t\t\t\t\t\t\t\t<div class=\"pp-category pp-grid-item elementor-grid-item\" id=\"pp-cat-100\">\n\t\t\t\t\t\t\t\t\t<a href=\"https:\/\/www.kurttarim.com\/en\/urun\/opsiyonkategori\/universal-seed-drills-double-disc-optionals\/\" class=\"pp-category-link\">\n\t\t\t\t\t\t\t\t\t\t\t\t<div class=\"pp-category-inner\">\n\t\t\t\t\t\t\t<img decoding=\"async\" src=\"https:\/\/www.kurttarim.com\/wp-content\/uploads\/elementor\/thumbs\/empty-puetgjtwle8s2tydsi396n999kk21juavfqud5qzm8.png\" title=\"empty\" alt=\"empty\" loading=\"lazy\" \/>\t\t\t\t\t\t<div class=\"pp-media-overlay\"><\/div>\n\t\t\t<div class=\"pp-category-content-wrap\">\n\t\t\t\t<div class=\"pp-category-content\">\n\t\t\t\t\t<div class=\"pp-category-title\">Universal Seed Drills - Double Disc Optionals<\/div>\t\t\t<div class=\"pp-category-count\">\n\t\t\t\t11 Optionals\t\t\t<\/div>\n\t\t\t\t\t\t\t<\/div>\n\t\t\t<\/div>\n\t\t<\/div>\n\t\t\t\t\t\t\t\t\t\t\t<\/a>\n\t\t\t\t\t\t\t\t<\/div>\n\t\t\t\t\t\t\t\t\t\t\t\t<\/div>\n\t\t\t<\/div>\n\t\t\t\t\t<\/div>\n\t\t\t\t<\/div>\n\t\t\t\t<\/div>\n\t\t\t\t\t\t<\/div>\n\t\t\t\t\t<\/div>\n\t\t<\/div>\n\t\t\t\t\t\t\t\t<\/div>\n\t\t\t\t\t<\/div>\n\t\t<\/section>\n\t\t\t\t\t\t\t\t\t<\/div>\n\t\t\t<\/div>\n\t\t\t\t\t<\/div>\n\t\t","protected":false},"excerpt":{"rendered":"<p>Optionals That We Offer Baltal\u0131 \u00dcniversal Ekim Makineleri Opsiyonlar\u0131 10 Optionals \u00c7ift Diskli Pn\u00f6matik Ekim Makineleri Opsiyonlar\u0131 8 Optionals \u00c7ift Diskli \u00dcniversal Ekim Makineleri Opsiyonlar\u0131 11 Optionals Mercury Baltal\u0131 Pn\u00f6matik Ekim Makineleri Opsiyonlar\u0131 7 Optionals Yayl\u0131 Ara \u00c7apa Makineleri Opsiyonlar\u0131 7 Optionals<\/p>\n","protected":false},"author":1,"featured_media":0,"parent":0,"menu_order":0,"comment_status":"closed","ping_status":"closed","template":"","meta":{"_monsterinsights_skip_tracking":false,"_monsterinsights_sitenote_active":false,"_monsterinsights_sitenote_note":"","_monsterinsights_sitenote_category":0,"footnotes":""},"class_list":["post-3774","page","type-page","status-publish","hentry"],"acf":[],"yoast_head":"<!-- This site is optimized with the Yoast SEO plugin v19.6.1 - https:\/\/yoast.com\/wordpress\/plugins\/seo\/ -->\n<title>Optionals | Kurt Tar\u0131m<\/title>\n<meta name=\"description\" content=\"You may view the optionals that can be added to our products.\" \/>\n<meta name=\"robots\" content=\"index, follow, max-snippet:-1, max-image-preview:large, max-video-preview:-1\" \/>\n<link rel=\"canonical\" href=\"https:\/\/www.kurttarim.com\/en\/optionals\/\" \/>\n<meta property=\"og:locale\" content=\"en_US\" \/>\n<meta property=\"og:type\" content=\"article\" \/>\n<meta property=\"og:title\" content=\"Optionals | Kurt Tar\u0131m\" \/>\n<meta property=\"og:description\" content=\"You may view the optionals that can be added to our products.\" \/>\n<meta property=\"og:url\" content=\"https:\/\/www.kurttarim.com\/en\/optionals\/\" \/>\n<meta property=\"og:site_name\" content=\"Kurt Tar\u0131m\" \/>\n<meta property=\"article:publisher\" content=\"https:\/\/www.facebook.com\/KURT-Mhendislik-Makina-Sanayi-ve-Dahili-Ticaret-Ltdti-1001123619947291\/timeline\" \/>\n<meta property=\"article:modified_time\" content=\"2022-09-01T08:37:19+00:00\" \/>\n<meta property=\"og:image\" content=\"https:\/\/www.kurttarim.com\/wp-content\/uploads\/2022\/05\/empty.png\" \/>\n<meta name=\"twitter:card\" content=\"summary_large_image\" \/>\n<script type=\"application\/ld+json\" class=\"yoast-schema-graph\">{\"@context\":\"https:\/\/schema.org\",\"@graph\":[{\"@type\":\"WebPage\",\"@id\":\"https:\/\/www.kurttarim.com\/en\/optionals\/\",\"url\":\"https:\/\/www.kurttarim.com\/en\/optionals\/\",\"name\":\"Optionals | Kurt Tar\u0131m\",\"isPartOf\":{\"@id\":\"https:\/\/www.kurttarim.com\/en\/#website\"},\"datePublished\":\"2022-05-23T09:15:16+00:00\",\"dateModified\":\"2022-09-01T08:37:19+00:00\",\"description\":\"You may view the optionals that can be added to our products.\",\"breadcrumb\":{\"@id\":\"https:\/\/www.kurttarim.com\/en\/optionals\/#breadcrumb\"},\"inLanguage\":\"en-US\",\"potentialAction\":[{\"@type\":\"ReadAction\",\"target\":[\"https:\/\/www.kurttarim.com\/en\/optionals\/\"]}]},{\"@type\":\"BreadcrumbList\",\"@id\":\"https:\/\/www.kurttarim.com\/en\/optionals\/#breadcrumb\",\"itemListElement\":[{\"@type\":\"ListItem\",\"position\":1,\"name\":\"Anasayfa\",\"item\":\"https:\/\/www.kurttarim.com\/en\/\"},{\"@type\":\"ListItem\",\"position\":2,\"name\":\"Optionals\"}]},{\"@type\":\"WebSite\",\"@id\":\"https:\/\/www.kurttarim.com\/en\/#website\",\"url\":\"https:\/\/www.kurttarim.com\/en\/\",\"name\":\"Kurt Tar\u0131m\",\"description\":\"\",\"publisher\":{\"@id\":\"https:\/\/www.kurttarim.com\/en\/#organization\"},\"potentialAction\":[{\"@type\":\"SearchAction\",\"target\":{\"@type\":\"EntryPoint\",\"urlTemplate\":\"https:\/\/www.kurttarim.com\/en\/?s={search_term_string}\"},\"query-input\":\"required name=search_term_string\"}],\"inLanguage\":\"en-US\"},{\"@type\":\"Organization\",\"@id\":\"https:\/\/www.kurttarim.com\/en\/#organization\",\"name\":\"Kurt Tar\u0131m\",\"url\":\"https:\/\/www.kurttarim.com\/en\/\",\"sameAs\":[\"https:\/\/www.instagram.com\/kurtmuhendislik\/?hl=tr\",\"https:\/\/www.youtube.com\/channel\/UCtrxwLIZI4tLUhPTT6eREOA\",\"https:\/\/www.facebook.com\/KURT-Mhendislik-Makina-Sanayi-ve-Dahili-Ticaret-Ltdti-1001123619947291\/timeline\"],\"logo\":{\"@type\":\"ImageObject\",\"inLanguage\":\"en-US\",\"@id\":\"https:\/\/www.kurttarim.com\/en\/#\/schema\/logo\/image\/\",\"url\":\"https:\/\/www.kurttarim.com\/wp-content\/uploads\/2022\/03\/kurttarimsari.png\",\"contentUrl\":\"https:\/\/www.kurttarim.com\/wp-content\/uploads\/2022\/03\/kurttarimsari.png\",\"width\":659,\"height\":441,\"caption\":\"Kurt Tar\u0131m\"},\"image\":{\"@id\":\"https:\/\/www.kurttarim.com\/en\/#\/schema\/logo\/image\/\"}}]}<\/script>\n<!-- \/ Yoast SEO plugin. -->","yoast_head_json":{"title":"Optionals | Kurt Tar\u0131m","description":"You may view the optionals that can be added to our products.","robots":{"index":"index","follow":"follow","max-snippet":"max-snippet:-1","max-image-preview":"max-image-preview:large","max-video-preview":"max-video-preview:-1"},"canonical":"https:\/\/www.kurttarim.com\/en\/optionals\/","og_locale":"en_US","og_type":"article","og_title":"Optionals | Kurt Tar\u0131m","og_description":"You may view the optionals that can be added to our products.","og_url":"https:\/\/www.kurttarim.com\/en\/optionals\/","og_site_name":"Kurt Tar\u0131m","article_publisher":"https:\/\/www.facebook.com\/KURT-Mhendislik-Makina-Sanayi-ve-Dahili-Ticaret-Ltdti-1001123619947291\/timeline","article_modified_time":"2022-09-01T08:37:19+00:00","og_image":[{"url":"https:\/\/www.kurttarim.com\/wp-content\/uploads\/2022\/05\/empty.png"}],"twitter_card":"summary_large_image","schema":{"@context":"https:\/\/schema.org","@graph":[{"@type":"WebPage","@id":"https:\/\/www.kurttarim.com\/en\/optionals\/","url":"https:\/\/www.kurttarim.com\/en\/optionals\/","name":"Optionals | Kurt Tar\u0131m","isPartOf":{"@id":"https:\/\/www.kurttarim.com\/en\/#website"},"datePublished":"2022-05-23T09:15:16+00:00","dateModified":"2022-09-01T08:37:19+00:00","description":"You may view the optionals that can be added to our products.","breadcrumb":{"@id":"https:\/\/www.kurttarim.com\/en\/optionals\/#breadcrumb"},"inLanguage":"en-US","potentialAction":[{"@type":"ReadAction","target":["https:\/\/www.kurttarim.com\/en\/optionals\/"]}]},{"@type":"BreadcrumbList","@id":"https:\/\/www.kurttarim.com\/en\/optionals\/#breadcrumb","itemListElement":[{"@type":"ListItem","position":1,"name":"Anasayfa","item":"https:\/\/www.kurttarim.com\/en\/"},{"@type":"ListItem","position":2,"name":"Optionals"}]},{"@type":"WebSite","@id":"https:\/\/www.kurttarim.com\/en\/#website","url":"https:\/\/www.kurttarim.com\/en\/","name":"Kurt Tar\u0131m","description":"","publisher":{"@id":"https:\/\/www.kurttarim.com\/en\/#organization"},"potentialAction":[{"@type":"SearchAction","target":{"@type":"EntryPoint","urlTemplate":"https:\/\/www.kurttarim.com\/en\/?s={search_term_string}"},"query-input":"required name=search_term_string"}],"inLanguage":"en-US"},{"@type":"Organization","@id":"https:\/\/www.kurttarim.com\/en\/#organization","name":"Kurt Tar\u0131m","url":"https:\/\/www.kurttarim.com\/en\/","sameAs":["https:\/\/www.instagram.com\/kurtmuhendislik\/?hl=tr","https:\/\/www.youtube.com\/channel\/UCtrxwLIZI4tLUhPTT6eREOA","https:\/\/www.facebook.com\/KURT-Mhendislik-Makina-Sanayi-ve-Dahili-Ticaret-Ltdti-1001123619947291\/timeline"],"logo":{"@type":"ImageObject","inLanguage":"en-US","@id":"https:\/\/www.kurttarim.com\/en\/#\/schema\/logo\/image\/","url":"https:\/\/www.kurttarim.com\/wp-content\/uploads\/2022\/03\/kurttarimsari.png","contentUrl":"https:\/\/www.kurttarim.com\/wp-content\/uploads\/2022\/03\/kurttarimsari.png","width":659,"height":441,"caption":"Kurt Tar\u0131m"},"image":{"@id":"https:\/\/www.kurttarim.com\/en\/#\/schema\/logo\/image\/"}}]}},"_links":{"self":[{"href":"https:\/\/www.kurttarim.com\/en\/wp-json\/wp\/v2\/pages\/3774","targetHints":{"allow":["GET"]}}],"collection":[{"href":"https:\/\/www.kurttarim.com\/en\/wp-json\/wp\/v2\/pages"}],"about":[{"href":"https:\/\/www.kurttarim.com\/en\/wp-json\/wp\/v2\/types\/page"}],"author":[{"embeddable":true,"href":"https:\/\/www.kurttarim.com\/en\/wp-json\/wp\/v2\/users\/1"}],"replies":[{"embeddable":true,"href":"https:\/\/www.kurttarim.com\/en\/wp-json\/wp\/v2\/comments?post=3774"}],"version-history":[{"count":6,"href":"https:\/\/www.kurttarim.com\/en\/wp-json\/wp\/v2\/pages\/3774\/revisions"}],"predecessor-version":[{"id":3780,"href":"https:\/\/www.kurttarim.com\/en\/wp-json\/wp\/v2\/pages\/3774\/revisions\/3780"}],"wp:attachment":[{"href":"https:\/\/www.kurttarim.com\/en\/wp-json\/wp\/v2\/media?parent=3774"}],"curies":[{"name":"wp","href":"https:\/\/api.w.org\/{rel}","templated":true}]}}